{"id":4,"date":"2016-03-11T09:20:05","date_gmt":"2016-03-11T08:20:05","guid":{"rendered":"http:\/\/electricite-eure.com\/?page_id=4"},"modified":"2016-03-18T09:38:02","modified_gmt":"2016-03-18T08:38:02","slug":"accueil","status":"publish","type":"page","link":"https:\/\/electricite-eure.com\/","title":{"rendered":"ACCUEIL"},"content":{"rendered":"<p>\t\t\t\t<img decoding=\"async\" src=\"http:\/\/electricite-eure.com\/wp-content\/uploads\/2016\/03\/cropped-Logo-JM-02.jpg\" alt=\"cropped-Logo-JM-02.jpg\" itemprop=\"image\"  \/><\/p>\n<p>Cr\u00e9e en Ao\u00fbt 2015, la soci\u00e9t\u00e9 <strong>J&rsquo;M\u00a0L&rsquo;ELEC\u00a0<\/strong>sp\u00e9cialiste dans le domaine de l&rsquo;\u00e9lectricit\u00e9 g\u00e9n\u00e9rale vous propose des services personnalis\u00e9s que ce soit pour les particuliers comme les professionnels.<\/p>\n<p>Artisan \u00e9lectricien\u00a0depuis dix ans avec un savoir-\u00eatre et des comp\u00e9tences en constante \u00e9volution pour proposer des services innovants.<\/p>\n<p>Situ\u00e9e au Vieil Evreux dans le d\u00e9partement de l&rsquo;Eure, un acc\u00e8s rapide aux grands axes\u00a0nous permet un rayon d&rsquo;intervention plus \u00e9tendu.<\/p>\n<p>Nous vous proposons un service de qualit\u00e9 et de proximit\u00e9, nous sommes \u00e0 l&rsquo;\u00e9coute de nos clients et nous avons un devoir de conseil\u00a0afin de mieux vous satisfaire.<\/p>\n<p>Nous sommes en mesure de vous proposer des technologies telles que la domotique, le tout connect\u00e9s qui s&rsquo;adapte \u00e0 votre mode de vie et ainsi vous g\u00e9rer au mieux votre consommation.<\/p>\n<p>Nous prot\u00e9geons et nettoyons nos chantiers. Nous restons en contact permanent et assurons un SAV de qualit\u00e9.<\/p>\n<p>\t\t\t\t<img decoding=\"async\" src=\"http:\/\/electricite-eure.com\/wp-content\/uploads\/2016\/03\/Verso-Flyer.jpg\" alt=\"Verso Flyer\" itemprop=\"image\"  \/><br \/>\n\t\t\t\t<img decoding=\"async\" src=\"http:\/\/electricite-eure.com\/wp-content\/uploads\/2016\/03\/PHOTO-COTE-CAMION.jpg\" alt=\"PHOTO COTE CAMION\" itemprop=\"image\"  \/><\/p>\n","protected":false},"excerpt":{"rendered":"<p>Cr\u00e9e en Ao\u00fbt 2015, la soci\u00e9t\u00e9 J&rsquo;M\u00a0L&rsquo;ELEC\u00a0sp\u00e9cialiste dans le domaine de l&rsquo;\u00e9lectricit\u00e9 g\u00e9n\u00e9rale vous propose des services personnalis\u00e9s que ce soit pour les particuliers comme les professionnels. Artisan \u00e9lectricien\u00a0depuis dix ans avec un savoir-\u00eatre et des comp\u00e9tences en constante \u00e9volution pour proposer des services innovants. Situ\u00e9e au Vieil Evreux dans le d\u00e9partement de l&rsquo;Eure, un [&hellip;]<\/p>\n","protected":false},"author":1,"featured_media":0,"parent":0,"menu_order":0,"comment_status":"closed","ping_status":"closed","template":"","meta":{"ngg_post_thumbnail":0,"footnotes":""},"yoast_head":"<!-- This site is optimized with the Yoast SEO plugin v22.2 - https:\/\/yoast.com\/wordpress\/plugins\/seo\/ -->\n<title>depannage renovation installation electrique eure d\u00e9pannage r\u00e9novation reparation<\/title>\n<meta name=\"description\" content=\"Soci\u00e9t\u00e9 J&#039;M L&#039;ELEC sp\u00e9cialiste en \u00e9lectricite g\u00e9n\u00e9rale dans l&#039;EURE\" \/>\n<meta name=\"robots\" content=\"index, follow, max-snippet:-1, max-image-preview:large, max-video-preview:-1\" \/>\n<link rel=\"canonical\" href=\"https:\/\/electricite-eure.com\/\" \/>\n<meta property=\"og:locale\" content=\"fr_FR\" \/>\n<meta property=\"og:type\" content=\"article\" \/>\n<meta property=\"og:title\" content=\"depannage renovation installation electrique eure d\u00e9pannage r\u00e9novation reparation\" \/>\n<meta property=\"og:description\" content=\"Soci\u00e9t\u00e9 J&#039;M L&#039;ELEC sp\u00e9cialiste en \u00e9lectricite g\u00e9n\u00e9rale dans l&#039;EURE\" \/>\n<meta property=\"og:url\" content=\"https:\/\/electricite-eure.com\/\" \/>\n<meta property=\"og:site_name\" content=\"J M L ELEC\" \/>\n<meta property=\"article:modified_time\" content=\"2016-03-18T08:38:02+00:00\" \/>\n<meta property=\"og:image\" content=\"http:\/\/electricite-eure.com\/wp-content\/uploads\/2016\/03\/cropped-Logo-JM-02.jpg\" \/>\n<meta name=\"twitter:card\" content=\"summary_large_image\" \/>\n<meta name=\"twitter:label1\" content=\"Dur\u00e9e de lecture estim\u00e9e\" \/>\n\t<meta name=\"twitter:data1\" content=\"1 minute\" \/>\n<script type=\"application\/ld+json\" class=\"yoast-schema-graph\">{\"@context\":\"https:\/\/schema.org\",\"@graph\":[{\"@type\":\"WebPage\",\"@id\":\"https:\/\/electricite-eure.com\/\",\"url\":\"https:\/\/electricite-eure.com\/\",\"name\":\"depannage renovation installation electrique eure d\u00e9pannage r\u00e9novation reparation\",\"isPartOf\":{\"@id\":\"https:\/\/electricite-eure.com\/#website\"},\"primaryImageOfPage\":{\"@id\":\"https:\/\/electricite-eure.com\/#primaryimage\"},\"image\":{\"@id\":\"https:\/\/electricite-eure.com\/#primaryimage\"},\"thumbnailUrl\":\"http:\/\/electricite-eure.com\/wp-content\/uploads\/2016\/03\/cropped-Logo-JM-02.jpg\",\"datePublished\":\"2016-03-11T08:20:05+00:00\",\"dateModified\":\"2016-03-18T08:38:02+00:00\",\"description\":\"Soci\u00e9t\u00e9 J'M L'ELEC sp\u00e9cialiste en \u00e9lectricite g\u00e9n\u00e9rale dans l'EURE\",\"breadcrumb\":{\"@id\":\"https:\/\/electricite-eure.com\/#breadcrumb\"},\"inLanguage\":\"fr-FR\",\"potentialAction\":[{\"@type\":\"ReadAction\",\"target\":[\"https:\/\/electricite-eure.com\/\"]}]},{\"@type\":\"ImageObject\",\"inLanguage\":\"fr-FR\",\"@id\":\"https:\/\/electricite-eure.com\/#primaryimage\",\"url\":\"https:\/\/electricite-eure.com\/wp-content\/uploads\/2016\/03\/cropped-Logo-JM-02.jpg\",\"contentUrl\":\"https:\/\/electricite-eure.com\/wp-content\/uploads\/2016\/03\/cropped-Logo-JM-02.jpg\",\"width\":800,\"height\":409},{\"@type\":\"BreadcrumbList\",\"@id\":\"https:\/\/electricite-eure.com\/#breadcrumb\",\"itemListElement\":[{\"@type\":\"ListItem\",\"position\":1,\"name\":\"Accueil\",\"item\":\"https:\/\/electricite-eure.com\/\"},{\"@type\":\"ListItem\",\"position\":2,\"name\":\"ACCUEIL\"}]},{\"@type\":\"WebSite\",\"@id\":\"https:\/\/electricite-eure.com\/#website\",\"url\":\"https:\/\/electricite-eure.com\/\",\"name\":\"J M L ELEC\",\"description\":\"NOS COMPETENCES A VOTRE SERVICE\",\"potentialAction\":[{\"@type\":\"SearchAction\",\"target\":{\"@type\":\"EntryPoint\",\"urlTemplate\":\"https:\/\/electricite-eure.com\/?s={search_term_string}\"},\"query-input\":\"required name=search_term_string\"}],\"inLanguage\":\"fr-FR\"}]}<\/script>\n<!-- \/ Yoast SEO plugin. -->","yoast_head_json":{"title":"depannage renovation installation electrique eure d\u00e9pannage r\u00e9novation reparation","description":"Soci\u00e9t\u00e9 J'M L'ELEC sp\u00e9cialiste en \u00e9lectricite g\u00e9n\u00e9rale dans l'EURE","robots":{"index":"index","follow":"follow","max-snippet":"max-snippet:-1","max-image-preview":"max-image-preview:large","max-video-preview":"max-video-preview:-1"},"canonical":"https:\/\/electricite-eure.com\/","og_locale":"fr_FR","og_type":"article","og_title":"depannage renovation installation electrique eure d\u00e9pannage r\u00e9novation reparation","og_description":"Soci\u00e9t\u00e9 J'M L'ELEC sp\u00e9cialiste en \u00e9lectricite g\u00e9n\u00e9rale dans l'EURE","og_url":"https:\/\/electricite-eure.com\/","og_site_name":"J M L ELEC","article_modified_time":"2016-03-18T08:38:02+00:00","og_image":[{"url":"http:\/\/electricite-eure.com\/wp-content\/uploads\/2016\/03\/cropped-Logo-JM-02.jpg"}],"twitter_card":"summary_large_image","twitter_misc":{"Dur\u00e9e de lecture estim\u00e9e":"1 minute"},"schema":{"@context":"https:\/\/schema.org","@graph":[{"@type":"WebPage","@id":"https:\/\/electricite-eure.com\/","url":"https:\/\/electricite-eure.com\/","name":"depannage renovation installation electrique eure d\u00e9pannage r\u00e9novation reparation","isPartOf":{"@id":"https:\/\/electricite-eure.com\/#website"},"primaryImageOfPage":{"@id":"https:\/\/electricite-eure.com\/#primaryimage"},"image":{"@id":"https:\/\/electricite-eure.com\/#primaryimage"},"thumbnailUrl":"http:\/\/electricite-eure.com\/wp-content\/uploads\/2016\/03\/cropped-Logo-JM-02.jpg","datePublished":"2016-03-11T08:20:05+00:00","dateModified":"2016-03-18T08:38:02+00:00","description":"Soci\u00e9t\u00e9 J'M L'ELEC sp\u00e9cialiste en \u00e9lectricite g\u00e9n\u00e9rale dans l'EURE","breadcrumb":{"@id":"https:\/\/electricite-eure.com\/#breadcrumb"},"inLanguage":"fr-FR","potentialAction":[{"@type":"ReadAction","target":["https:\/\/electricite-eure.com\/"]}]},{"@type":"ImageObject","inLanguage":"fr-FR","@id":"https:\/\/electricite-eure.com\/#primaryimage","url":"https:\/\/electricite-eure.com\/wp-content\/uploads\/2016\/03\/cropped-Logo-JM-02.jpg","contentUrl":"https:\/\/electricite-eure.com\/wp-content\/uploads\/2016\/03\/cropped-Logo-JM-02.jpg","width":800,"height":409},{"@type":"BreadcrumbList","@id":"https:\/\/electricite-eure.com\/#breadcrumb","itemListElement":[{"@type":"ListItem","position":1,"name":"Accueil","item":"https:\/\/electricite-eure.com\/"},{"@type":"ListItem","position":2,"name":"ACCUEIL"}]},{"@type":"WebSite","@id":"https:\/\/electricite-eure.com\/#website","url":"https:\/\/electricite-eure.com\/","name":"J M L ELEC","description":"NOS COMPETENCES A VOTRE SERVICE","potentialAction":[{"@type":"SearchAction","target":{"@type":"EntryPoint","urlTemplate":"https:\/\/electricite-eure.com\/?s={search_term_string}"},"query-input":"required name=search_term_string"}],"inLanguage":"fr-FR"}]}},"_links":{"self":[{"href":"https:\/\/electricite-eure.com\/index.php\/wp-json\/wp\/v2\/pages\/4"}],"collection":[{"href":"https:\/\/electricite-eure.com\/index.php\/wp-json\/wp\/v2\/pages"}],"about":[{"href":"https:\/\/electricite-eure.com\/index.php\/wp-json\/wp\/v2\/types\/page"}],"author":[{"embeddable":true,"href":"https:\/\/electricite-eure.com\/index.php\/wp-json\/wp\/v2\/users\/1"}],"replies":[{"embeddable":true,"href":"https:\/\/electricite-eure.com\/index.php\/wp-json\/wp\/v2\/comments?post=4"}],"version-history":[{"count":14,"href":"https:\/\/electricite-eure.com\/index.php\/wp-json\/wp\/v2\/pages\/4\/revisions"}],"predecessor-version":[{"id":317,"href":"https:\/\/electricite-eure.com\/index.php\/wp-json\/wp\/v2\/pages\/4\/revisions\/317"}],"wp:attachment":[{"href":"https:\/\/electricite-eure.com\/index.php\/wp-json\/wp\/v2\/media?parent=4"}],"curies":[{"name":"wp","href":"https:\/\/api.w.org\/{rel}","templated":true}]}}