{"id":6,"date":"2016-03-11T09:20:32","date_gmt":"2016-03-11T08:20:32","guid":{"rendered":"http:\/\/electricite-eure.com\/?page_id=6"},"modified":"2016-03-15T11:37:39","modified_gmt":"2016-03-15T10:37:39","slug":"prestations","status":"publish","type":"page","link":"https:\/\/electricite-eure.com\/index.php\/prestations\/","title":{"rendered":"PRESTATIONS"},"content":{"rendered":"<p><strong>Travaux \u00e9lectriques :<\/strong><\/p>\n<ul>\n<li>Installation\u00a0\u00e9lectrique totale\u00a0d&rsquo;une habitation,<\/li>\n<li>R\u00e9novation partielle ou totale d&rsquo;une habitation,<\/li>\n<li>Mise en conformit\u00e9 de votre installation,<\/li>\n<li>Raccordement \u00e9lectrique,<\/li>\n<li>Travaux d&rsquo;agrandissement,<\/li>\n<li>Travaux d&rsquo;am\u00e9nagement,<\/li>\n<\/ul>\n<p><strong>Installations :<\/strong><\/p>\n<ul>\n<li>Tableau \u00e9lectrique,<\/li>\n<li>Installation de Radiateurs,<\/li>\n<li>Eclairages int\u00e9rieurs et ext\u00e9rieurs,<\/li>\n<li>Plancher chauffant,<\/li>\n<li>Interrupteurs, simples\u00a0ou doubles, va et vient, \u00e0 t\u00e9moin lumineux,\u00a0<\/li>\n<li>Prises RJ45, t\u00e9l\u00e9phoniques, TV,<\/li>\n<li>VMC, &#8230;&#8230;&#8230;&#8230;.<\/li>\n<\/ul>\n<p><strong>Automatisation de syst\u00e8mes :<\/strong><\/p>\n<ul>\n<li>Alarme,<\/li>\n<li>Automatisme de portail,<\/li>\n<li>Interphone,<\/li>\n<li>Branchement g\u00e2che \u00e9lectrique et clavier \u00e0 code,<\/li>\n<li>Contr\u00f4le d&rsquo;acc\u00e8s,&#8230;&#8230;&#8230;..<\/li>\n<\/ul>\n<p><strong>D\u00e9pannages :<\/strong><\/p>\n<ul>\n<li>Recherche de panne \u00e9lectrique,<\/li>\n<li>Pi\u00e8ces d\u00e9tach\u00e9es,<\/li>\n<li>Remplacement de mat\u00e9riels d\u00e9fectueux,<\/li>\n<\/ul>\n<p>\u00a0<\/p>\n<p>\t\t\t\t<img decoding=\"async\" src=\"http:\/\/electricite-eure.com\/wp-content\/uploads\/2016\/03\/Installation-Nouveau-tableau-avec-raccord-prises-RJ45-225x300.jpg\" alt=\"Installation Nouveau tableau avec raccord prises RJ45\" itemprop=\"image\"  \/><br \/>\n\t\t\t\t<img decoding=\"async\" src=\"http:\/\/electricite-eure.com\/wp-content\/uploads\/2016\/03\/Installation-interrupteur-indication-\u00e9clairage-ext\u00e9rieur-1-225x300.jpg\" alt=\"Installation interrupteur indication \u00e9clairage ext\u00e9rieur 1\" itemprop=\"image\"  \/><br \/>\n\t\t\t\t<img decoding=\"async\" src=\"http:\/\/electricite-eure.com\/wp-content\/uploads\/2016\/03\/Installation-Radiateur-1-225x300.jpg\" alt=\"Installation Radiateur 1\" itemprop=\"image\"  \/><\/p>\n","protected":false},"excerpt":{"rendered":"<p>Travaux \u00e9lectriques : Installation\u00a0\u00e9lectrique totale\u00a0d&rsquo;une habitation, R\u00e9novation partielle ou totale d&rsquo;une habitation, Mise en conformit\u00e9 de votre installation, Raccordement \u00e9lectrique, Travaux d&rsquo;agrandissement, Travaux d&rsquo;am\u00e9nagement, Installations : Tableau \u00e9lectrique, Installation de Radiateurs, Eclairages int\u00e9rieurs et ext\u00e9rieurs, Plancher chauffant, Interrupteurs, simples\u00a0ou doubles, va et vient, \u00e0 t\u00e9moin lumineux,\u00a0 Prises RJ45, t\u00e9l\u00e9phoniques, TV, VMC, &#8230;&#8230;&#8230;&#8230;. Automatisation de syst\u00e8mes [&hellip;]<\/p>\n","protected":false},"author":1,"featured_media":0,"parent":0,"menu_order":0,"comment_status":"closed","ping_status":"closed","template":"","meta":{"ngg_post_thumbnail":0,"footnotes":""},"yoast_head":"<!-- This site is optimized with the Yoast SEO plugin v22.2 - https:\/\/yoast.com\/wordpress\/plugins\/seo\/ -->\n<title>alarme domotique plancher chauffant Eclairage vmc tableau compteur<\/title>\n<meta name=\"robots\" content=\"index, follow, max-snippet:-1, max-image-preview:large, max-video-preview:-1\" \/>\n<link rel=\"canonical\" href=\"https:\/\/electricite-eure.com\/index.php\/prestations\/\" \/>\n<meta property=\"og:locale\" content=\"fr_FR\" \/>\n<meta property=\"og:type\" content=\"article\" \/>\n<meta property=\"og:title\" content=\"alarme domotique plancher chauffant Eclairage vmc tableau compteur\" \/>\n<meta property=\"og:description\" content=\"Travaux \u00e9lectriques : Installation\u00a0\u00e9lectrique totale\u00a0d&rsquo;une habitation, R\u00e9novation partielle ou totale d&rsquo;une habitation, Mise en conformit\u00e9 de votre installation, Raccordement \u00e9lectrique, Travaux d&rsquo;agrandissement, Travaux d&rsquo;am\u00e9nagement, Installations : Tableau \u00e9lectrique, Installation de Radiateurs, Eclairages int\u00e9rieurs et ext\u00e9rieurs, Plancher chauffant, Interrupteurs, simples\u00a0ou doubles, va et vient, \u00e0 t\u00e9moin lumineux,\u00a0 Prises RJ45, t\u00e9l\u00e9phoniques, TV, VMC, &#8230;&#8230;&#8230;&#8230;. Automatisation de syst\u00e8mes [&hellip;]\" \/>\n<meta property=\"og:url\" content=\"https:\/\/electricite-eure.com\/index.php\/prestations\/\" \/>\n<meta property=\"og:site_name\" content=\"J M L ELEC\" \/>\n<meta property=\"article:modified_time\" content=\"2016-03-15T10:37:39+00:00\" \/>\n<meta property=\"og:image\" content=\"http:\/\/electricite-eure.com\/wp-content\/uploads\/2016\/03\/Installation-Nouveau-tableau-avec-raccord-prises-RJ45-225x300.jpg\" \/>\n<meta name=\"twitter:card\" content=\"summary_large_image\" \/>\n<script type=\"application\/ld+json\" class=\"yoast-schema-graph\">{\"@context\":\"https:\/\/schema.org\",\"@graph\":[{\"@type\":\"WebPage\",\"@id\":\"https:\/\/electricite-eure.com\/index.php\/prestations\/\",\"url\":\"https:\/\/electricite-eure.com\/index.php\/prestations\/\",\"name\":\"alarme domotique plancher chauffant Eclairage vmc tableau compteur\",\"isPartOf\":{\"@id\":\"https:\/\/electricite-eure.com\/#website\"},\"primaryImageOfPage\":{\"@id\":\"https:\/\/electricite-eure.com\/index.php\/prestations\/#primaryimage\"},\"image\":{\"@id\":\"https:\/\/electricite-eure.com\/index.php\/prestations\/#primaryimage\"},\"thumbnailUrl\":\"http:\/\/electricite-eure.com\/wp-content\/uploads\/2016\/03\/Installation-Nouveau-tableau-avec-raccord-prises-RJ45-225x300.jpg\",\"datePublished\":\"2016-03-11T08:20:32+00:00\",\"dateModified\":\"2016-03-15T10:37:39+00:00\",\"breadcrumb\":{\"@id\":\"https:\/\/electricite-eure.com\/index.php\/prestations\/#breadcrumb\"},\"inLanguage\":\"fr-FR\",\"potentialAction\":[{\"@type\":\"ReadAction\",\"target\":[\"https:\/\/electricite-eure.com\/index.php\/prestations\/\"]}]},{\"@type\":\"ImageObject\",\"inLanguage\":\"fr-FR\",\"@id\":\"https:\/\/electricite-eure.com\/index.php\/prestations\/#primaryimage\",\"url\":\"https:\/\/electricite-eure.com\/wp-content\/uploads\/2016\/03\/Installation-Nouveau-tableau-avec-raccord-prises-RJ45.jpg\",\"contentUrl\":\"https:\/\/electricite-eure.com\/wp-content\/uploads\/2016\/03\/Installation-Nouveau-tableau-avec-raccord-prises-RJ45.jpg\",\"width\":450,\"height\":600},{\"@type\":\"BreadcrumbList\",\"@id\":\"https:\/\/electricite-eure.com\/index.php\/prestations\/#breadcrumb\",\"itemListElement\":[{\"@type\":\"ListItem\",\"position\":1,\"name\":\"Accueil\",\"item\":\"https:\/\/electricite-eure.com\/\"},{\"@type\":\"ListItem\",\"position\":2,\"name\":\"PRESTATIONS\"}]},{\"@type\":\"WebSite\",\"@id\":\"https:\/\/electricite-eure.com\/#website\",\"url\":\"https:\/\/electricite-eure.com\/\",\"name\":\"J M L ELEC\",\"description\":\"NOS COMPETENCES A VOTRE SERVICE\",\"potentialAction\":[{\"@type\":\"SearchAction\",\"target\":{\"@type\":\"EntryPoint\",\"urlTemplate\":\"https:\/\/electricite-eure.com\/?s={search_term_string}\"},\"query-input\":\"required name=search_term_string\"}],\"inLanguage\":\"fr-FR\"}]}<\/script>\n<!-- \/ Yoast SEO plugin. -->","yoast_head_json":{"title":"alarme domotique plancher chauffant Eclairage vmc tableau compteur","robots":{"index":"index","follow":"follow","max-snippet":"max-snippet:-1","max-image-preview":"max-image-preview:large","max-video-preview":"max-video-preview:-1"},"canonical":"https:\/\/electricite-eure.com\/index.php\/prestations\/","og_locale":"fr_FR","og_type":"article","og_title":"alarme domotique plancher chauffant Eclairage vmc tableau compteur","og_description":"Travaux \u00e9lectriques : Installation\u00a0\u00e9lectrique totale\u00a0d&rsquo;une habitation, R\u00e9novation partielle ou totale d&rsquo;une habitation, Mise en conformit\u00e9 de votre installation, Raccordement \u00e9lectrique, Travaux d&rsquo;agrandissement, Travaux d&rsquo;am\u00e9nagement, Installations : Tableau \u00e9lectrique, Installation de Radiateurs, Eclairages int\u00e9rieurs et ext\u00e9rieurs, Plancher chauffant, Interrupteurs, simples\u00a0ou doubles, va et vient, \u00e0 t\u00e9moin lumineux,\u00a0 Prises RJ45, t\u00e9l\u00e9phoniques, TV, VMC, &#8230;&#8230;&#8230;&#8230;. Automatisation de syst\u00e8mes [&hellip;]","og_url":"https:\/\/electricite-eure.com\/index.php\/prestations\/","og_site_name":"J M L ELEC","article_modified_time":"2016-03-15T10:37:39+00:00","og_image":[{"url":"http:\/\/electricite-eure.com\/wp-content\/uploads\/2016\/03\/Installation-Nouveau-tableau-avec-raccord-prises-RJ45-225x300.jpg"}],"twitter_card":"summary_large_image","schema":{"@context":"https:\/\/schema.org","@graph":[{"@type":"WebPage","@id":"https:\/\/electricite-eure.com\/index.php\/prestations\/","url":"https:\/\/electricite-eure.com\/index.php\/prestations\/","name":"alarme domotique plancher chauffant Eclairage vmc tableau compteur","isPartOf":{"@id":"https:\/\/electricite-eure.com\/#website"},"primaryImageOfPage":{"@id":"https:\/\/electricite-eure.com\/index.php\/prestations\/#primaryimage"},"image":{"@id":"https:\/\/electricite-eure.com\/index.php\/prestations\/#primaryimage"},"thumbnailUrl":"http:\/\/electricite-eure.com\/wp-content\/uploads\/2016\/03\/Installation-Nouveau-tableau-avec-raccord-prises-RJ45-225x300.jpg","datePublished":"2016-03-11T08:20:32+00:00","dateModified":"2016-03-15T10:37:39+00:00","breadcrumb":{"@id":"https:\/\/electricite-eure.com\/index.php\/prestations\/#breadcrumb"},"inLanguage":"fr-FR","potentialAction":[{"@type":"ReadAction","target":["https:\/\/electricite-eure.com\/index.php\/prestations\/"]}]},{"@type":"ImageObject","inLanguage":"fr-FR","@id":"https:\/\/electricite-eure.com\/index.php\/prestations\/#primaryimage","url":"https:\/\/electricite-eure.com\/wp-content\/uploads\/2016\/03\/Installation-Nouveau-tableau-avec-raccord-prises-RJ45.jpg","contentUrl":"https:\/\/electricite-eure.com\/wp-content\/uploads\/2016\/03\/Installation-Nouveau-tableau-avec-raccord-prises-RJ45.jpg","width":450,"height":600},{"@type":"BreadcrumbList","@id":"https:\/\/electricite-eure.com\/index.php\/prestations\/#breadcrumb","itemListElement":[{"@type":"ListItem","position":1,"name":"Accueil","item":"https:\/\/electricite-eure.com\/"},{"@type":"ListItem","position":2,"name":"PRESTATIONS"}]},{"@type":"WebSite","@id":"https:\/\/electricite-eure.com\/#website","url":"https:\/\/electricite-eure.com\/","name":"J M L ELEC","description":"NOS COMPETENCES A VOTRE SERVICE","potentialAction":[{"@type":"SearchAction","target":{"@type":"EntryPoint","urlTemplate":"https:\/\/electricite-eure.com\/?s={search_term_string}"},"query-input":"required name=search_term_string"}],"inLanguage":"fr-FR"}]}},"_links":{"self":[{"href":"https:\/\/electricite-eure.com\/index.php\/wp-json\/wp\/v2\/pages\/6"}],"collection":[{"href":"https:\/\/electricite-eure.com\/index.php\/wp-json\/wp\/v2\/pages"}],"about":[{"href":"https:\/\/electricite-eure.com\/index.php\/wp-json\/wp\/v2\/types\/page"}],"author":[{"embeddable":true,"href":"https:\/\/electricite-eure.com\/index.php\/wp-json\/wp\/v2\/users\/1"}],"replies":[{"embeddable":true,"href":"https:\/\/electricite-eure.com\/index.php\/wp-json\/wp\/v2\/comments?post=6"}],"version-history":[{"count":4,"href":"https:\/\/electricite-eure.com\/index.php\/wp-json\/wp\/v2\/pages\/6\/revisions"}],"predecessor-version":[{"id":204,"href":"https:\/\/electricite-eure.com\/index.php\/wp-json\/wp\/v2\/pages\/6\/revisions\/204"}],"wp:attachment":[{"href":"https:\/\/electricite-eure.com\/index.php\/wp-json\/wp\/v2\/media?parent=6"}],"curies":[{"name":"wp","href":"https:\/\/api.w.org\/{rel}","templated":true}]}}